{"id":2,"date":"2023-02-01T00:02:14","date_gmt":"2023-01-31T23:02:14","guid":{"rendered":"http:\/\/arborethic.com\/perigord-photos\/?page_id=2"},"modified":"2023-02-01T23:49:39","modified_gmt":"2023-02-01T22:49:39","slug":"page-d-exemple","status":"publish","type":"page","link":"http:\/\/arborethic.com\/perigord-photos\/","title":{"rendered":"Des &#8220;Arbres tr\u00e9sors vivants du P\u00e9rigord&#8221; aux &#8220;Arbres V\u00e9n\u00e9rables de la Plan\u00e8te&#8221;."},"content":{"rendered":"\n<p>J\u00e9r\u00f4me Hutin, Photographe<\/p>\n\n\n\n<p>Sur ce site d\u00e9di\u00e9 \u00e0 mes photos parmi les plus embl\u00e9matiques de mon travail photo que je vous partage, et que j&#8217;ai r\u00e9alis\u00e9 depuis les ann\u00e9es 1990 ! En commen\u00e7ant dans le P\u00e9rigord, puis en allant autour du monde, puis je suis revenu. Vous y verrez des photographies des arbres allant jusqu&#8217;\u00e0 10500 ans en Australie ! Comme ceux du P\u00e9rigord que j&#8217;aime beaucoup mais aussi mes photos dans le bassin versant de la V\u00e9z\u00e8re. <\/p>\n\n\n\n<p class=\"has-text-color\" style=\"color:#de1515\">T<strong>OUTES MES PHOTOGRAPHIES NE SONT PAS LIBRE DE DROITS mais sont soumises aux DROITS D&#8217;AUTEURS. Merci de me respecter. Si vous souhaitez les utiliser dans des sites internet, les publier dans des magazines, merci de m&#8217;en informer et de me contacter ! C&#8217;est mon TRAVAIL et il m\u00e9rite RESPECT et REVENUS !<\/strong> <\/p>\n\n\n\n<p>Cliquez sur les trois petits traits tout en haut pour choisir votre page ! Merci et \u00e0 bient\u00f4t.<\/p>\n\n\n\n<p class=\"has-text-color\" style=\"color:#114e09\"><strong>J\u00e9r\u00f4me Hutin<\/strong><\/p>\n\n\n\n<p><strong>Photographe<\/strong><\/p>\n\n\n<div class=\"wp-block-image\">\n<figure class=\"aligncenter size-large\"><img loading=\"lazy\" decoding=\"async\" width=\"731\" height=\"1024\" src=\"http:\/\/arborethic.com\/perigord-photos\/wp-content\/uploads\/2023\/02\/chene_azerat_etoiles_24-25_decembre-2022_web-731x1024.jpg\" alt=\"\" class=\"wp-image-457\" srcset=\"http:\/\/arborethic.com\/perigord-photos\/wp-content\/uploads\/2023\/02\/chene_azerat_etoiles_24-25_decembre-2022_web-731x1024.jpg 731w, http:\/\/arborethic.com\/perigord-photos\/wp-content\/uploads\/2023\/02\/chene_azerat_etoiles_24-25_decembre-2022_web-214x300.jpg 214w, http:\/\/arborethic.com\/perigord-photos\/wp-content\/uploads\/2023\/02\/chene_azerat_etoiles_24-25_decembre-2022_web-508x711.jpg 508w, http:\/\/arborethic.com\/perigord-photos\/wp-content\/uploads\/2023\/02\/chene_azerat_etoiles_24-25_decembre-2022_web.jpg 762w\" sizes=\"auto, (max-width: 731px) 100vw, 731px\" \/><figcaption class=\"wp-element-caption\">Ch\u00eane \u00e0 Azerat, entre Terrasson et Thenon, Dordogne. Plus de 200 photos de 30 secondes chacune ! Direction l&#8217;\u00e9toile polaire&#8230;et voici le r\u00e9sultat entre le 24 et 25 d\u00e9cembre 2022 !<\/figcaption><\/figure>\n<\/div>","protected":false},"excerpt":{"rendered":"<p>J\u00e9r\u00f4me Hutin, Photographe Sur ce site d\u00e9di\u00e9 \u00e0 mes photos parmi les plus embl\u00e9matiques de mon travail photo que je<\/p>\n<p><a href=\"http:\/\/arborethic.com\/perigord-photos\/\" class=\"more-link\">Continue reading<span class=\"screen-reader-text\">Des &#8220;Arbres tr\u00e9sors vivants du P\u00e9rigord&#8221; aux &#8220;Arbres V\u00e9n\u00e9rables de la Plan\u00e8te&#8221;.<\/span><\/a><\/p>\n","protected":false},"author":1,"featured_media":0,"parent":0,"menu_order":0,"comment_status":"closed","ping_status":"open","template":"","meta":{"footnotes":""},"class_list":["post-2","page","type-page","status-publish","hentry"],"_links":{"self":[{"href":"http:\/\/arborethic.com\/perigord-photos\/index.php\/wp-json\/wp\/v2\/pages\/2","targetHints":{"allow":["GET"]}}],"collection":[{"href":"http:\/\/arborethic.com\/perigord-photos\/index.php\/wp-json\/wp\/v2\/pages"}],"about":[{"href":"http:\/\/arborethic.com\/perigord-photos\/index.php\/wp-json\/wp\/v2\/types\/page"}],"author":[{"embeddable":true,"href":"http:\/\/arborethic.com\/perigord-photos\/index.php\/wp-json\/wp\/v2\/users\/1"}],"replies":[{"embeddable":true,"href":"http:\/\/arborethic.com\/perigord-photos\/index.php\/wp-json\/wp\/v2\/comments?post=2"}],"version-history":[{"count":6,"href":"http:\/\/arborethic.com\/perigord-photos\/index.php\/wp-json\/wp\/v2\/pages\/2\/revisions"}],"predecessor-version":[{"id":504,"href":"http:\/\/arborethic.com\/perigord-photos\/index.php\/wp-json\/wp\/v2\/pages\/2\/revisions\/504"}],"wp:attachment":[{"href":"http:\/\/arborethic.com\/perigord-photos\/index.php\/wp-json\/wp\/v2\/media?parent=2"}],"curies":[{"name":"wp","href":"https:\/\/api.w.org\/{rel}","templated":true}]}}